{"id":24,"date":"2021-01-11T22:49:29","date_gmt":"2021-01-11T22:49:29","guid":{"rendered":"https:\/\/wortflug.de\/?page_id=24"},"modified":"2021-01-11T23:27:48","modified_gmt":"2021-01-11T23:27:48","slug":"lektorat","status":"publish","type":"page","link":"https:\/\/wortflug.de\/?page_id=24","title":{"rendered":"Lektorat"},"content":{"rendered":"\n<p>Unser Lektorat verpasst Ihren Texten den letzten Feinschliff.<br><br>_inhaltliche Richtigkeit &amp; Plausibilit\u00e4t<br>_Ausdruck &amp; Stil<br>_Tonalit\u00e4t<br>_einheitliche Schreibweisen<br>_korrekte Orthografie, Interpunktion &amp; Grammatik<\/p>\n\n\n\n<p>\u00dcberzeugen Sie sich von unserer Qualit\u00e4t!<br>Wir korrigieren Ihnen gerne im Vorfeld unentgeltlich einen Text Ihrer Wahl, der etwa die L\u00e4nge einer Normseite haben sollte (1.500 Zeichen inkl. Leerzeichen).<\/p>\n","protected":false},"excerpt":{"rendered":"<p>Unser Lektorat verpasst Ihren Texten den letzten Feinschliff. _inhaltliche Richtigkeit &amp; Plausibilit\u00e4t_Ausdruck &amp; Stil_Tonalit\u00e4t_einheitliche Schreibweisen_korrekte Orthografie, Interpunktion &amp; Grammatik \u00dcberzeugen Sie sich von unserer Qualit\u00e4t!Wir korrigieren Ihnen gerne im Vorfeld unentgeltlich einen Text Ihrer Wahl, der etwa die L\u00e4nge einer Normseite haben sollte (1.500 Zeichen inkl. Leerzeichen).<\/p>\n","protected":false},"author":1,"featured_media":0,"parent":0,"menu_order":0,"comment_status":"closed","ping_status":"closed","template":"","meta":[],"_links":{"self":[{"href":"https:\/\/wortflug.de\/index.php?rest_route=\/wp\/v2\/pages\/24"}],"collection":[{"href":"https:\/\/wortflug.de\/index.php?rest_route=\/wp\/v2\/pages"}],"about":[{"href":"https:\/\/wortflug.de\/index.php?rest_route=\/wp\/v2\/types\/page"}],"author":[{"embeddable":true,"href":"https:\/\/wortflug.de\/index.php?rest_route=\/wp\/v2\/users\/1"}],"replies":[{"embeddable":true,"href":"https:\/\/wortflug.de\/index.php?rest_route=%2Fwp%2Fv2%2Fcomments&post=24"}],"version-history":[{"count":2,"href":"https:\/\/wortflug.de\/index.php?rest_route=\/wp\/v2\/pages\/24\/revisions"}],"predecessor-version":[{"id":44,"href":"https:\/\/wortflug.de\/index.php?rest_route=\/wp\/v2\/pages\/24\/revisions\/44"}],"wp:attachment":[{"href":"https:\/\/wortflug.de\/index.php?rest_route=%2Fwp%2Fv2%2Fmedia&parent=24"}],"curies":[{"name":"wp","href":"https:\/\/api.w.org\/{rel}","templated":true}]}}