{"id":18,"date":"2021-01-11T22:48:44","date_gmt":"2021-01-11T22:48:44","guid":{"rendered":"https:\/\/wortflug.de\/?page_id=18"},"modified":"2021-01-11T23:33:48","modified_gmt":"2021-01-11T23:33:48","slug":"ueber-uns","status":"publish","type":"page","link":"https:\/\/wortflug.de\/?page_id=18","title":{"rendered":"\u00dcber Uns"},"content":{"rendered":"\n<p>Unsere Texte erz\u00e4hlen Geschichten, die im Ged\u00e4chtnis bleiben.<\/p>\n\n\n\n<p>_Nina T\u00f6ller<br>2007 M.A. Neuere deutsche Literatur, Kunstgeschichte &amp; Theaterwissenschaft (LMU M\u00fcnchen). PR- und Projektmanagement Volontariat. Mehrj\u00e4hrige berufliche Praxis als Redakteurin im Kulturbereich und in sozialen NPOs.<\/p>\n\n\n\n<p>_Melitta T\u00f6ller<br>2007 M.A. Anglistik, Neuere deutsche Literatur &amp; Kunstgeschichte (LMU M\u00fcnchen). PR-Volontariat, mehrj\u00e4hrige berufliche Praxis als Pressesprecherin und Redakteurin f\u00fcr PR-Agenturen, Vereine (Kinder- und Jugendarbeit) und Stiftungen (Tierschutz).<\/p>\n","protected":false},"excerpt":{"rendered":"<p>Unsere Texte erz\u00e4hlen Geschichten, die im Ged\u00e4chtnis bleiben. _Nina T\u00f6ller2007 M.A. Neuere deutsche Literatur, Kunstgeschichte &amp; Theaterwissenschaft (LMU M\u00fcnchen). PR- und Projektmanagement Volontariat. Mehrj\u00e4hrige berufliche Praxis als Redakteurin im Kulturbereich und in sozialen NPOs. _Melitta T\u00f6ller2007 M.A. Anglistik, Neuere deutsche Literatur &amp; Kunstgeschichte (LMU M\u00fcnchen). PR-Volontariat, mehrj\u00e4hrige berufliche Praxis als Pressesprecherin und Redakteurin f\u00fcr PR-Agenturen, &hellip; <\/p>\n<p class=\"link-more\"><a href=\"https:\/\/wortflug.de\/?page_id=18\" class=\"more-link\"><span class=\"screen-reader-text\">\u201e\u00dcber Uns\u201c<\/span> weiterlesen<\/a><\/p>\n","protected":false},"author":1,"featured_media":0,"parent":0,"menu_order":0,"comment_status":"closed","ping_status":"closed","template":"","meta":[],"_links":{"self":[{"href":"https:\/\/wortflug.de\/index.php?rest_route=\/wp\/v2\/pages\/18"}],"collection":[{"href":"https:\/\/wortflug.de\/index.php?rest_route=\/wp\/v2\/pages"}],"about":[{"href":"https:\/\/wortflug.de\/index.php?rest_route=\/wp\/v2\/types\/page"}],"author":[{"embeddable":true,"href":"https:\/\/wortflug.de\/index.php?rest_route=\/wp\/v2\/users\/1"}],"replies":[{"embeddable":true,"href":"https:\/\/wortflug.de\/index.php?rest_route=%2Fwp%2Fv2%2Fcomments&post=18"}],"version-history":[{"count":2,"href":"https:\/\/wortflug.de\/index.php?rest_route=\/wp\/v2\/pages\/18\/revisions"}],"predecessor-version":[{"id":48,"href":"https:\/\/wortflug.de\/index.php?rest_route=\/wp\/v2\/pages\/18\/revisions\/48"}],"wp:attachment":[{"href":"https:\/\/wortflug.de\/index.php?rest_route=%2Fwp%2Fv2%2Fmedia&parent=18"}],"curies":[{"name":"wp","href":"https:\/\/api.w.org\/{rel}","templated":true}]}}