{"id":16,"date":"2021-01-11T22:48:29","date_gmt":"2021-01-11T22:48:29","guid":{"rendered":"https:\/\/wortflug.de\/?page_id=16"},"modified":"2022-09-02T13:33:18","modified_gmt":"2022-09-02T13:33:18","slug":"kontakt","status":"publish","type":"page","link":"https:\/\/wortflug.de\/?page_id=16","title":{"rendered":"Kontakt"},"content":{"rendered":"\n<p class=\"has-light-green-cyan-color has-text-color\">say hello:<\/p>\n\n\n\n<p>wortflug. text und kommunikation GbR<br>Nina T\u00f6ller &amp; Melitta T\u00f6ller<br>Schmalenbrucher Str. 6<br>31556 W\u00f6lpinghausen<br><br>post@wortflug.de<br>+49 176 813 425 88<\/p>\n\n\n\n<p>Wir freuen uns auf Sie!<\/p>\n","protected":false},"excerpt":{"rendered":"<p>say hello: wortflug. text und kommunikation GbRNina T\u00f6ller &amp; Melitta T\u00f6llerSchmalenbrucher Str. 631556 W\u00f6lpinghausen post@wortflug.de+49 176 813 425 88 Wir freuen uns auf Sie!<\/p>\n","protected":false},"author":1,"featured_media":0,"parent":0,"menu_order":0,"comment_status":"closed","ping_status":"closed","template":"","meta":[],"_links":{"self":[{"href":"https:\/\/wortflug.de\/index.php?rest_route=\/wp\/v2\/pages\/16"}],"collection":[{"href":"https:\/\/wortflug.de\/index.php?rest_route=\/wp\/v2\/pages"}],"about":[{"href":"https:\/\/wortflug.de\/index.php?rest_route=\/wp\/v2\/types\/page"}],"author":[{"embeddable":true,"href":"https:\/\/wortflug.de\/index.php?rest_route=\/wp\/v2\/users\/1"}],"replies":[{"embeddable":true,"href":"https:\/\/wortflug.de\/index.php?rest_route=%2Fwp%2Fv2%2Fcomments&post=16"}],"version-history":[{"count":4,"href":"https:\/\/wortflug.de\/index.php?rest_route=\/wp\/v2\/pages\/16\/revisions"}],"predecessor-version":[{"id":60,"href":"https:\/\/wortflug.de\/index.php?rest_route=\/wp\/v2\/pages\/16\/revisions\/60"}],"wp:attachment":[{"href":"https:\/\/wortflug.de\/index.php?rest_route=%2Fwp%2Fv2%2Fmedia&parent=16"}],"curies":[{"name":"wp","href":"https:\/\/api.w.org\/{rel}","templated":true}]}}