{"id":14,"date":"2021-01-11T22:48:12","date_gmt":"2021-01-11T22:48:12","guid":{"rendered":"https:\/\/wortflug.de\/?page_id=14"},"modified":"2021-01-11T23:22:17","modified_gmt":"2021-01-11T23:22:17","slug":"textservice","status":"publish","type":"page","link":"https:\/\/wortflug.de\/?page_id=14","title":{"rendered":"Textservice"},"content":{"rendered":"\n<p>wortflug. \u00fcbernimmt f\u00fcr Stiftungen, Vereine, Unternehmen, Verlage und Agenturen alle Stadien der Textproduktion: von Konzeption und Recherche \u00fcber die Texterstellung bis hin zum finalen Lektorat.<\/p>\n\n\n\n<p>Weil es uns immer wieder aufs Neue begeistert, Ideen, Projekten und Produkten mit unseren Worten Fl\u00fcgel zu verleihen.<\/p>\n\n\n\n<p>Unsere Schwerpunkte sind: <br>Kultur &amp; Gesellschaft<br>Soziales Engagement<br>Ern\u00e4hrung &amp; Gesundheit<br>Umwelt &amp; Natur<\/p>\n","protected":false},"excerpt":{"rendered":"<p>wortflug. \u00fcbernimmt f\u00fcr Stiftungen, Vereine, Unternehmen, Verlage und Agenturen alle Stadien der Textproduktion: von Konzeption und Recherche \u00fcber die Texterstellung bis hin zum finalen Lektorat. Weil es uns immer wieder aufs Neue begeistert, Ideen, Projekten und Produkten mit unseren Worten Fl\u00fcgel zu verleihen. Unsere Schwerpunkte sind: Kultur &amp; GesellschaftSoziales EngagementErn\u00e4hrung &amp; GesundheitUmwelt &amp; Natur<\/p>\n","protected":false},"author":1,"featured_media":0,"parent":0,"menu_order":0,"comment_status":"closed","ping_status":"closed","template":"","meta":[],"_links":{"self":[{"href":"https:\/\/wortflug.de\/index.php?rest_route=\/wp\/v2\/pages\/14"}],"collection":[{"href":"https:\/\/wortflug.de\/index.php?rest_route=\/wp\/v2\/pages"}],"about":[{"href":"https:\/\/wortflug.de\/index.php?rest_route=\/wp\/v2\/types\/page"}],"author":[{"embeddable":true,"href":"https:\/\/wortflug.de\/index.php?rest_route=\/wp\/v2\/users\/1"}],"replies":[{"embeddable":true,"href":"https:\/\/wortflug.de\/index.php?rest_route=%2Fwp%2Fv2%2Fcomments&post=14"}],"version-history":[{"count":2,"href":"https:\/\/wortflug.de\/index.php?rest_route=\/wp\/v2\/pages\/14\/revisions"}],"predecessor-version":[{"id":42,"href":"https:\/\/wortflug.de\/index.php?rest_route=\/wp\/v2\/pages\/14\/revisions\/42"}],"wp:attachment":[{"href":"https:\/\/wortflug.de\/index.php?rest_route=%2Fwp%2Fv2%2Fmedia&parent=14"}],"curies":[{"name":"wp","href":"https:\/\/api.w.org\/{rel}","templated":true}]}}